{"id":596,"date":"2024-06-09T20:05:03","date_gmt":"2024-06-09T20:05:03","guid":{"rendered":"https:\/\/ipasasr.org\/actualites\/"},"modified":"2024-08-07T22:14:49","modified_gmt":"2024-08-07T22:14:49","slug":"actualites","status":"publish","type":"page","link":"https:\/\/ipasasr.org\/fr\/actualites\/","title":{"rendered":"Actualit\u00e9s"},"content":{"rendered":"<p>[et_pb_section fb_built=\u00a0\u00bb1&Prime; admin_label=\u00a0\u00bbsection\u00a0\u00bb _builder_version=\u00a0\u00bb4.16&Prime; global_colors_info=\u00a0\u00bb{}\u00a0\u00bb theme_builder_area=\u00a0\u00bbpost_content\u00a0\u00bb][et_pb_row _builder_version=\u00a0\u00bb4.27.0&Prime; _module_preset=\u00a0\u00bbdefault\u00a0\u00bb theme_builder_area=\u00a0\u00bbpost_content\u00a0\u00bb][et_pb_column _builder_version=\u00a0\u00bb4.27.0&Prime; _module_preset=\u00a0\u00bbdefault\u00a0\u00bb type=\u00a0\u00bb4_4&Prime; theme_builder_area=\u00a0\u00bbpost_content\u00a0\u00bb][toolset_divi_view _builder_version=\u00a0\u00bb4.27.0&Prime; _module_preset=\u00a0\u00bbdefault\u00a0\u00bb theme_builder_area=\u00a0\u00bbpost_content\u00a0\u00bb toolset_view=\u00a0\u00bbnews-page-with-pagination\u00a0\u00bb hover_enabled=\u00a0\u00bb0&Prime; sticky_enabled=\u00a0\u00bb0&Prime;][\/toolset_divi_view][\/et_pb_column][\/et_pb_row][\/et_pb_section]<\/p>\n","protected":false},"excerpt":{"rendered":"<div class=\"et_pb_module toolset_divi_view toolset_divi_view_0\">\n\t\t\t\t\n\t\t\t\t\n\t\t\t\t\n\t\t\t\t\n\t\t\t\t\n\t\t\t\t\n\t\t\t\t<div class=\"et_pb_module_inner\">\n\t\t\t\t\t<form autocomplete=\"off\" name=\"wpv-filter-635\" action=\"\/fr\/wp-json\/wp\/v2\/pages\/596?wpv_view_count=635\" method=\"get\" class=\"wpv-filter-form js-wpv-filter-form js-wpv-filter-form-635 js-wpv-form-full\" data-viewnumber=\"635\" data-viewid=\"635\" data-viewhash=\"eyJuYW1lIjoibmV3cy1wYWdlLXdpdGgtcGFnaW5hdGlvbiIsImlkIjo2MzV9\" data-viewwidgetid=\"0\" data-orderby=\"\" data-order=\"\" data-orderbyas=\"\" data-orderbysecond=\"\" data-ordersecond=\"\" data-parametric=\"{&quot;query&quot;:&quot;normal&quot;,&quot;id&quot;:635,&quot;view_id&quot;:635,&quot;widget_id&quot;:0,&quot;view_hash&quot;:&quot;635&quot;,&quot;action&quot;:&quot;\\\/fr\\\/wp-json\\\/wp\\\/v2\\\/pages\\\/596?wpv_view_count=635&quot;,&quot;sort&quot;:{&quot;orderby&quot;:&quot;&quot;,&quot;order&quot;:&quot;&quot;,&quot;orderby_as&quot;:&quot;&quot;,&quot;orderby_second&quot;:&quot;&quot;,&quot;order_second&quot;:&quot;&quot;},&quot;orderby&quot;:&quot;&quot;,&quot;order&quot;:&quot;&quot;,&quot;orderby_as&quot;:&quot;&quot;,&quot;orderby_second&quot;:&quot;&quot;,&quot;order_second&quot;:&quot;&quot;,&quot;ajax_form&quot;:&quot;&quot;,&quot;ajax_results&quot;:&quot;&quot;,&quot;effect&quot;:&quot;fade&quot;,&quot;prebefore&quot;:&quot;&quot;,&quot;before&quot;:&quot;&quot;,&quot;after&quot;:&quot;&quot;,&quot;attributes&quot;:{&quot;id&quot;:635},&quot;environment&quot;:{&quot;current_post_id&quot;:0,&quot;parent_post_id&quot;:0,&quot;parent_term_id&quot;:0,&quot;parent_user_id&quot;:0,&quot;archive&quot;:{&quot;type&quot;:&quot;&quot;,&quot;name&quot;:&quot;&quot;,&quot;data&quot;:[]}},&quot;loop&quot;:{&quot;type&quot;:&quot;&quot;,&quot;name&quot;:&quot;&quot;,&quot;data&quot;:[],&quot;id&quot;:0}}\" data-attributes=\"{&quot;id&quot;:635}\" data-environment=\"{&quot;current_post_id&quot;:0,&quot;parent_post_id&quot;:0,&quot;parent_term_id&quot;:0,&quot;parent_user_id&quot;:0,&quot;archive&quot;:{&quot;type&quot;:&quot;&quot;,&quot;name&quot;:&quot;&quot;,&quot;data&quot;:[]}}\"><input type=\"hidden\" class=\"js-wpv-dps-filter-data js-wpv-filter-data-for-this-form\" data-action=\"\/fr\/wp-json\/wp\/v2\/pages\/596?wpv_view_count=635\" data-page=\"1\" data-ajax=\"disable\" data-effect=\"fade\" data-maxpages=\"3\" data-ajaxprebefore=\"\" data-ajaxbefore=\"\" data-ajaxafter=\"\" \/><input class=\"wpv_view_count wpv_view_count-635\" type=\"hidden\" name=\"wpv_view_count\" value=\"635\" \/>\n\n<ul class=\"wpv-pagination-nav-links-container js-wpv-pagination-nav-links-container pagination\"><li class=\"wpv-pagination-nav-links-item js-wpv-pagination-nav-links-item page-item wpv-page-link-635-1 js-wpv-page-link-635-1 wpv_page_current wpv-pagination-nav-links-item-current active\"><span class=\"wpv-filter-pagination-link page-link\">1<\/span><\/li><li class=\"wpv-pagination-nav-links-item js-wpv-pagination-nav-links-item page-item wpv-page-link-635-2 js-wpv-page-link-635-2\"><a class=\"wpv-filter-pagination-link js-wpv-pagination-link page-link\" title=\"2\" href=\"\/fr\/wp-json\/wp\/v2\/pages\/596?wpv_view_count=635&#038;wpv_paged=2\" data-viewnumber=\"635\" data-page=\"2\">2<\/a><\/li><li class=\"wpv-pagination-nav-links-item js-wpv-pagination-nav-links-item page-item wpv-page-link-635-3 js-wpv-page-link-635-3\"><a class=\"wpv-filter-pagination-link js-wpv-pagination-link page-link\" title=\"3\" href=\"\/fr\/wp-json\/wp\/v2\/pages\/596?wpv_view_count=635&#038;wpv_paged=3\" data-viewnumber=\"635\" data-page=\"3\">3<\/a><\/li><\/ul>\n<\/form>\n<div id=\"wpv-view-layout-635\" class=\"js-wpv-view-layout js-wpv-layout-responsive js-wpv-view-layout-635 wpv-pagination js-wpv-layout-has-pagination wpv-pagination-preload-images js-wpv-layout-preload-images wpv-pagination-preload-pages js-wpv-layout-preload-pages\" style=\"visibility:hidden;\" data-viewnumber=\"635\" data-pagination=\"{&quot;id&quot;:635,&quot;query&quot;:&quot;normal&quot;,&quot;type&quot;:&quot;ajaxed&quot;,&quot;effect&quot;:&quot;fade&quot;,&quot;duration&quot;:500,&quot;speed&quot;:5,&quot;pause_on_hover&quot;:&quot;enabled&quot;,&quot;stop_rollover&quot;:&quot;false&quot;,&quot;cache_pages&quot;:&quot;enabled&quot;,&quot;preload_images&quot;:&quot;enabled&quot;,&quot;preload_pages&quot;:&quot;enabled&quot;,&quot;preload_reach&quot;:1,&quot;spinner&quot;:&quot;builtin&quot;,&quot;spinner_image&quot;:&quot;&quot;,&quot;callback_next&quot;:&quot;&quot;,&quot;manage_history&quot;:&quot;enabled&quot;,&quot;has_controls_in_form&quot;:&quot;enabled&quot;,&quot;infinite_tolerance&quot;:0,&quot;max_pages&quot;:3,&quot;page&quot;:1,&quot;base_permalink&quot;:&quot;\/fr\/wp-json\/wp\/v2\/pages\/596?wpv_view_count=635&amp;wpv_paged=WPV_PAGE_NUM&quot;,&quot;loop&quot;:{&quot;type&quot;:&quot;&quot;,&quot;name&quot;:&quot;&quot;,&quot;data&quot;:[],&quot;id&quot;:0}}\" data-permalink=\"\/fr\/wp-json\/wp\/v2\/pages\/596?wpv_view_count=635\">\n\n\t\n      <div class=\"news-external\">\n\t\n\t\n\n\t\t<div class=\"news-container\">\n  <div class=\"news-image\"><img loading=\"lazy\" decoding=\"async\" width=\"490\" height=\"204\" src=\"https:\/\/ipasasr.org\/wp-content\/uploads\/2024\/05\/feature-module-default-image-A-wpv_490x204.png\" class=\"attachment-et-pb-post-main-image-fullwidth size-et-pb-post-main-image-fullwidth wp-post-image\" alt=\"\" srcset=\"https:\/\/ipasasr.org\/wp-content\/uploads\/2024\/05\/feature-module-default-image-A-wpv_490x204.png 490w, https:\/\/ipasasr.org\/wp-content\/uploads\/2024\/05\/feature-module-default-image-A-wpv_490x204-480x200.png 480w\" sizes=\"(min-width: 0px) and (max-width: 480px) 480px, (min-width: 481px) 490px, 100vw\" \/><\/div>\n  <div class=\"news-title\">Une \u00e9tude r\u00e9v\u00e8le des taux alarmants d&rsquo;avortements pratiqu\u00e9s dans des conditions dangereuses au Malawi &#8211; The AfricaBrief<\/div>\n  <div class=\"news-meta\">7 ao\u00fbt 2024 |  Malawi<\/div>\n  <div class=\"news-excerpt\"><p>Ipas Afrique-R\u00e9gion Sud a men\u00e9 une \u00e9tude pour d\u00e9terminer l&rsquo;ampleur des avortements pratiqu\u00e9s dans des conditions dangereuses dans le pays. Cette \u00e9tude a r\u00e9v\u00e9l\u00e9 des statistiques inqui\u00e9tantes qui soulignent le besoin urgent de services complets de sant\u00e9 g\u00e9n\u00e9sique, \u00e9crit Meclina Chirwa.<\/p>\n<\/div>\n  <div class=\"news-more\">\n    \n  \n<a href=\"https:\/\/ipasasr.org\/fr\/une-etude-revele-des-taux-alarmants-davortements-pratiques-dans-des-conditions-dangereuses-au-malawi-the-africabrief\/\" target=\"_blank\" rel=\"noopener\">Lire la suite<\/a>\n  <\/div>\n<\/div>\n                                                             \n\n\t\n\n\t\t<div class=\"news-container\">\n  <div class=\"news-image\"><img loading=\"lazy\" decoding=\"async\" width=\"877\" height=\"516\" src=\"https:\/\/ipasasr.org\/wp-content\/uploads\/2024\/08\/maputo21.jpg\" class=\"attachment-et-pb-post-main-image-fullwidth size-et-pb-post-main-image-fullwidth wp-post-image\" alt=\"Maputo\" srcset=\"https:\/\/ipasasr.org\/wp-content\/uploads\/2024\/08\/maputo21.jpg 877w, https:\/\/ipasasr.org\/wp-content\/uploads\/2024\/08\/maputo21-480x282.jpg 480w\" sizes=\"(min-width: 0px) and (max-width: 480px) 480px, (min-width: 481px) 877px, 100vw\" \/><\/div>\n  <div class=\"news-title\">Conf\u00e9rence du 21e anniversaire du protocole de Maputo<\/div>\n  <div class=\"news-meta\">11 juillet 2024 |  ASR<\/div>\n  <div class=\"news-excerpt\"><p>Les \u00e9quipes d&rsquo;Ipas du Mozambique, de la r\u00e9gion Afrique australe et de la RDC ont accueilli la conf\u00e9rence du 21e anniversaire du protocole de Maputo au Mozambique les 10 et 11 juillet 2024.<\/p>\n<\/div>\n  <div class=\"news-more\">\n    \n  \n<a href=\"https:\/\/ipasasr.org\/fr\/conference-du-21e-anniversaire-du-protocole-de-maputo\/\" target=\"_blank\" rel=\"noopener\">Lire la suite<\/a>\n  <\/div>\n<\/div>\n                                                             \n\n\t\n\n\t\t<div class=\"news-container\">\n  <div class=\"news-image\"><img loading=\"lazy\" decoding=\"async\" width=\"1080\" height=\"533\" src=\"https:\/\/ipasasr.org\/wp-content\/uploads\/2024\/06\/6906-A-MalawiDonationsMoH-1-1080x533.jpg\" class=\"attachment-et-pb-post-main-image-fullwidth size-et-pb-post-main-image-fullwidth wp-post-image\" alt=\"\" srcset=\"https:\/\/ipasasr.org\/wp-content\/uploads\/2024\/06\/6906-A-MalawiDonationsMoH-1-1080x533.jpg 1080w, https:\/\/ipasasr.org\/wp-content\/uploads\/2024\/06\/6906-A-MalawiDonationsMoH-1-980x408.jpg 980w, https:\/\/ipasasr.org\/wp-content\/uploads\/2024\/06\/6906-A-MalawiDonationsMoH-1-480x200.jpg 480w\" sizes=\"(min-width: 0px) and (max-width: 480px) 480px, (min-width: 481px) and (max-width: 980px) 980px, (min-width: 981px) 1080px, 100vw\" \/><\/div>\n  <div class=\"news-title\">Ipas Malawi fait don de fournitures m\u00e9dicales essentielles au minist\u00e8re de la sant\u00e9<\/div>\n  <div class=\"news-meta\">9 juin 2024 |  Malawi<\/div>\n  <div class=\"news-excerpt\"><p>Dans le cadre de ses efforts continus pour pr\u00e9server les services de sant\u00e9 sexuelle et g\u00e9n\u00e9sique pendant la crise du COVID-19, Ipas Malawi a fait un deuxi\u00e8me don de produits de sant\u00e9 essentiels au minist\u00e8re de la sant\u00e9.<\/p>\n<\/div>\n  <div class=\"news-more\">\n    \n  \n<a href=\"https:\/\/ipasasr.org\/fr\/ipas-malawi-fait-don-de-fournitures-medicales-essentielles-au-ministere-de-la-sante\/\" target=\"_blank\" rel=\"noopener\">Lire la suite<\/a>\n  <\/div>\n<\/div>\n                                                             \n\n\t\n\n\t\t<div class=\"news-container\">\n  <div class=\"news-image\"><img loading=\"lazy\" decoding=\"async\" width=\"1080\" height=\"533\" src=\"https:\/\/ipasasr.org\/wp-content\/uploads\/2024\/06\/feature-module-default-image-A-1080x533.png\" class=\"attachment-et-pb-post-main-image-fullwidth size-et-pb-post-main-image-fullwidth wp-post-image\" alt=\"\" srcset=\"https:\/\/ipasasr.org\/wp-content\/uploads\/2024\/06\/feature-module-default-image-A-1080x533.png 1080w, https:\/\/ipasasr.org\/wp-content\/uploads\/2024\/06\/feature-module-default-image-A-980x408.png 980w, https:\/\/ipasasr.org\/wp-content\/uploads\/2024\/06\/feature-module-default-image-A-480x200.png 480w\" sizes=\"(min-width: 0px) and (max-width: 480px) 480px, (min-width: 481px) and (max-width: 980px) 980px, (min-width: 981px) 1080px, 100vw\" \/><\/div>\n  <div class=\"news-title\">Alors que le changement climatique frappe \u00e0 nouveau l&rsquo;Afrique australe, Ipas se pr\u00e9pare \u00e0 r\u00e9pondre aux besoins en mati\u00e8re de sant\u00e9 g\u00e9n\u00e9sique.<\/div>\n  <div class=\"news-meta\">9 juin 2024 |  ASR, Malawi, Zambie<\/div>\n  <div class=\"news-excerpt\"><p>\u00c0 la suite du cyclone tropical Ana, qui a tu\u00e9 plus de 80 personnes en Afrique australe, les \u00e9quipes d&rsquo;Ipas au Malawi, au Mozambique et en Zambie pr\u00e9parent une r\u00e9ponse coordonn\u00e9e pour s&rsquo;assurer que les soins de sant\u00e9 reproductive, y compris l&rsquo;acc\u00e8s aux soins post-abortum et \u00e0 la contraception, restent disponibles pour les femmes et les jeunes filles touch\u00e9es par la temp\u00eate.<\/p>\n<\/div>\n  <div class=\"news-more\">\n    \n  \n<a href=\"https:\/\/ipasasr.org\/fr\/alors-que-le-changement-climatique-frappe-a-nouveau-lafrique-australe-ipas-se-prepare-a-repondre-aux-besoins-en-matiere-de-sante-genesique\/\" target=\"_blank\" rel=\"noopener\">Lire la suite<\/a>\n  <\/div>\n<\/div>\n                                                             \n\n\t\n\n\t\t<div class=\"news-container\">\n  <div class=\"news-image\"><img loading=\"lazy\" decoding=\"async\" width=\"1080\" height=\"533\" src=\"https:\/\/ipasasr.org\/wp-content\/uploads\/2024\/06\/feature-module-default-image-A-1080x533.png\" class=\"attachment-et-pb-post-main-image-fullwidth size-et-pb-post-main-image-fullwidth wp-post-image\" alt=\"\" srcset=\"https:\/\/ipasasr.org\/wp-content\/uploads\/2024\/06\/feature-module-default-image-A-1080x533.png 1080w, https:\/\/ipasasr.org\/wp-content\/uploads\/2024\/06\/feature-module-default-image-A-980x408.png 980w, https:\/\/ipasasr.org\/wp-content\/uploads\/2024\/06\/feature-module-default-image-A-480x200.png 480w\" sizes=\"(min-width: 0px) and (max-width: 480px) 480px, (min-width: 481px) and (max-width: 980px) 980px, (min-width: 981px) 1080px, 100vw\" \/><\/div>\n  <div class=\"news-title\">Investir dans les droits des filles pour cr\u00e9er un avenir \u00e9quitable et prosp\u00e8re<\/div>\n  <div class=\"news-meta\">9 juin 2024 |  ASR, Afrique du Sud<\/div>\n  <div class=\"news-excerpt\"><p>Ipas Afrique R\u00e9gion Sud (ASR) s&rsquo;est jointe au monde pour comm\u00e9morer la Journ\u00e9e internationale de la fille en r\u00e9fl\u00e9chissant au th\u00e8me de cette ann\u00e9e : Investir dans les droits des filles : Notre leadership, notre bien-\u00eatre.<\/p>\n<\/div>\n  <div class=\"news-more\">\n    \n  \n<a href=\"https:\/\/ipasasr.org\/fr\/investir-dans-les-droits-des-filles-pour-creer-un-avenir-equitable-et-prospere\/\" target=\"_blank\" rel=\"noopener\">Lire la suite<\/a>\n  <\/div>\n<\/div>\n                                                             \n\n\t\n\n\t\t<div class=\"news-container\">\n  <div class=\"news-image\"><img loading=\"lazy\" decoding=\"async\" width=\"1080\" height=\"533\" src=\"https:\/\/ipasasr.org\/wp-content\/uploads\/2024\/05\/Eastern-and-Southern-African-Caucus-on-Sexual-Reproductive-Health-and-Rights-launch_9527A-1080x533.jpg\" class=\"attachment-et-pb-post-main-image-fullwidth size-et-pb-post-main-image-fullwidth wp-post-image\" alt=\"\" srcset=\"https:\/\/ipasasr.org\/wp-content\/uploads\/2024\/05\/Eastern-and-Southern-African-Caucus-on-Sexual-Reproductive-Health-and-Rights-launch_9527A-1080x533.jpg 1080w, https:\/\/ipasasr.org\/wp-content\/uploads\/2024\/05\/Eastern-and-Southern-African-Caucus-on-Sexual-Reproductive-Health-and-Rights-launch_9527A-980x408.jpg 980w, https:\/\/ipasasr.org\/wp-content\/uploads\/2024\/05\/Eastern-and-Southern-African-Caucus-on-Sexual-Reproductive-Health-and-Rights-launch_9527A-480x200.jpg 480w\" sizes=\"(min-width: 0px) and (max-width: 480px) 480px, (min-width: 481px) and (max-width: 980px) 980px, (min-width: 981px) 1080px, 100vw\" \/><\/div>\n  <div class=\"news-title\">Le Caucus parlementaire d&rsquo;Afrique orientale et australe se lance dans la promotion de la sant\u00e9 sexuelle et reproductive dans la r\u00e9gion<\/div>\n  <div class=\"news-meta\">1 mars 2024 |  ASR<\/div>\n  <div class=\"news-excerpt\"><p>Fait marquant pour la r\u00e9gion de l&rsquo;Afrique orientale et australe, des parlementaires d&rsquo;horizons et de pays divers se sont r\u00e9unis sous la banni\u00e8re du Caucus parlementaire d&rsquo;Afrique orientale et australe sur la sant\u00e9 et les droits sexuels et reproductifs (ESAParc).<\/p>\n<\/div>\n  <div class=\"news-more\">\n    \n  \n<a href=\"https:\/\/ipasasr.org\/fr\/le-caucus-parlementaire-dafrique-orientale-et-australe-se-lance-dans-la-promotion-de-la-sante-sexuelle-et-reproductive-dans-la-region\/\" target=\"_blank\" rel=\"noopener\">Lire la suite<\/a>\n  <\/div>\n<\/div>\n                                                             \n\n\t\n\n\t\t<div class=\"news-container\">\n  <div class=\"news-image\"><img loading=\"lazy\" decoding=\"async\" width=\"1080\" height=\"533\" src=\"https:\/\/ipasasr.org\/wp-content\/uploads\/2024\/05\/research-brief-cei-zambia-1080x533.png\" class=\"attachment-et-pb-post-main-image-fullwidth size-et-pb-post-main-image-fullwidth wp-post-image\" alt=\"\" srcset=\"https:\/\/ipasasr.org\/wp-content\/uploads\/2024\/05\/research-brief-cei-zambia-1080x533.png 1080w, https:\/\/ipasasr.org\/wp-content\/uploads\/2024\/05\/research-brief-cei-zambia-980x408.png 980w, https:\/\/ipasasr.org\/wp-content\/uploads\/2024\/05\/research-brief-cei-zambia-480x200.png 480w\" sizes=\"(min-width: 0px) and (max-width: 480px) 480px, (min-width: 481px) and (max-width: 980px) 980px, (min-width: 981px) 1080px, 100vw\" \/><\/div>\n  <div class=\"news-title\">Le travail dans les communaut\u00e9s est important ! R\u00e9sultats obtenus aupr\u00e8s de clientes post-abortum en Zambie.<\/div>\n  <div class=\"news-meta\">7 f\u00e9vrier 2024 |  Zambie<\/div>\n  <div class=\"news-excerpt\"><p>Cette note de recherche de deux pages examine les r\u00e9sultats des entretiens avec les clientes men\u00e9s en 2014 aupr\u00e8s de 616 femmes zambiennes qui ont demand\u00e9 une interruption de grossesse l\u00e9gale et sans danger. Les entretiens ont permis d&rsquo;explorer les questions de qualit\u00e9, de prestation de services et de diffusion de l&rsquo;information telles qu&rsquo;elles sont per\u00e7ues par les femmes elles-m\u00eames &#8211; une perspective souvent n\u00e9glig\u00e9e dans le domaine de la sant\u00e9 g\u00e9n\u00e9sique.<\/p>\n<\/div>\n  <div class=\"news-more\">\n    \n  \n<a href=\"https:\/\/ipasasr.org\/fr\/le-travail-dans-les-communautes-est-important-resultats-obtenus-aupres-de-clientes-post-abortum-en-zambie\/\" target=\"_blank\" rel=\"noopener\">Lire la suite<\/a>\n  <\/div>\n<\/div>\n                                                             \n\n\t\n\n\t\t<div class=\"news-container\">\n  <div class=\"news-image\"><img loading=\"lazy\" decoding=\"async\" width=\"1080\" height=\"533\" src=\"https:\/\/ipasasr.org\/wp-content\/uploads\/2024\/06\/IPAS-DOCUMENTARY52-1-1080x533.jpg\" class=\"attachment-et-pb-post-main-image-fullwidth size-et-pb-post-main-image-fullwidth wp-post-image\" alt=\"\" srcset=\"https:\/\/ipasasr.org\/wp-content\/uploads\/2024\/06\/IPAS-DOCUMENTARY52-1-1080x533.jpg 1080w, https:\/\/ipasasr.org\/wp-content\/uploads\/2024\/06\/IPAS-DOCUMENTARY52-1-980x408.jpg 980w, https:\/\/ipasasr.org\/wp-content\/uploads\/2024\/06\/IPAS-DOCUMENTARY52-1-480x200.jpg 480w\" sizes=\"(min-width: 0px) and (max-width: 480px) 480px, (min-width: 481px) and (max-width: 980px) 980px, (min-width: 981px) 1080px, 100vw\" \/><\/div>\n  <div class=\"news-title\">Face au changement climatique, Ipas Malawi veille \u00e0 ce que les personnes b\u00e9n\u00e9ficient des soins de sant\u00e9 g\u00e9n\u00e9sique dont elles ont besoin.<\/div>\n  <div class=\"news-meta\">13 novembre 2023 |  Malawi<\/div>\n  <div class=\"news-excerpt\"><p>Les femmes et les jeunes filles sont touch\u00e9es de mani\u00e8re disproportionn\u00e9e par les catastrophes climatiques telles que le cyclone Freddy. Une nouvelle \u00e9tude men\u00e9e par Ipas montre que c&rsquo;est imm\u00e9diatement avant, pendant et apr\u00e8s les \u00e9v\u00e9nements climatiques extr\u00eames que l&rsquo;acc\u00e8s aux soins en mati\u00e8re de contraception, de grossesse et d&rsquo;avortement est le plus compromis.<\/p>\n<\/div>\n  <div class=\"news-more\">\n    \n  \n<a href=\"https:\/\/ipasasr.org\/fr\/face-au-changement-climatique-ipas-malawi-veille-a-ce-que-les-personnes-beneficient-des-soins-de-sante-genesique-dont-elles-ont-besoin-2\/\" target=\"_blank\" rel=\"noopener\">Lire la suite<\/a>\n  <\/div>\n<\/div>\n                                                             \n\n\t\n\n\t\t<div class=\"news-container\">\n  <div class=\"news-image\"><img loading=\"lazy\" decoding=\"async\" width=\"1080\" height=\"533\" src=\"https:\/\/ipasasr.org\/wp-content\/uploads\/2024\/06\/feature-module-default-image-A-1080x533.png\" class=\"attachment-et-pb-post-main-image-fullwidth size-et-pb-post-main-image-fullwidth wp-post-image\" alt=\"\" srcset=\"https:\/\/ipasasr.org\/wp-content\/uploads\/2024\/06\/feature-module-default-image-A-1080x533.png 1080w, https:\/\/ipasasr.org\/wp-content\/uploads\/2024\/06\/feature-module-default-image-A-980x408.png 980w, https:\/\/ipasasr.org\/wp-content\/uploads\/2024\/06\/feature-module-default-image-A-480x200.png 480w\" sizes=\"(min-width: 0px) and (max-width: 480px) 480px, (min-width: 481px) and (max-width: 980px) 980px, (min-width: 981px) 1080px, 100vw\" \/><\/div>\n  <div class=\"news-title\">La r\u00e9gion sud d&rsquo;Ipas Afrique comm\u00e9more la Journ\u00e9e internationale de la fille<\/div>\n  <div class=\"news-meta\">19 octobre 2023 |  ASR<\/div>\n  <div class=\"news-excerpt\"><p>Ipas Afrique R\u00e9gion Sud (ASR) s&rsquo;est jointe au monde pour comm\u00e9morer la Journ\u00e9e internationale de la fille en r\u00e9fl\u00e9chissant au th\u00e8me de cette ann\u00e9e : Investir dans les droits des filles : Notre leadership, notre bien-\u00eatre.<\/p>\n<\/div>\n  <div class=\"news-more\">\n    \n  \n<a href=\"https:\/\/ipasasr.org\/fr\/la-region-sud-dipas-afrique-commemore-la-journee-internationale-de-la-fille\/\" target=\"_blank\" rel=\"noopener\">Lire la suite<\/a>\n  <\/div>\n<\/div>\n                                                             \n\n\t\n\t\n              <\/div>\n\t\n\t\n<\/div>\n\n<ul class=\"wpv-pagination-nav-links-container js-wpv-pagination-nav-links-container pagination\"><li class=\"wpv-pagination-nav-links-item js-wpv-pagination-nav-links-item page-item wpv-page-link-635-1 js-wpv-page-link-635-1 wpv_page_current wpv-pagination-nav-links-item-current active\"><span class=\"wpv-filter-pagination-link page-link\">1<\/span><\/li><li class=\"wpv-pagination-nav-links-item js-wpv-pagination-nav-links-item page-item wpv-page-link-635-2 js-wpv-page-link-635-2\"><a class=\"wpv-filter-pagination-link js-wpv-pagination-link page-link\" title=\"2\" href=\"\/fr\/wp-json\/wp\/v2\/pages\/596?wpv_view_count=635&#038;wpv_paged=2\" data-viewnumber=\"635\" data-page=\"2\">2<\/a><\/li><li class=\"wpv-pagination-nav-links-item js-wpv-pagination-nav-links-item page-item wpv-page-link-635-3 js-wpv-page-link-635-3\"><a class=\"wpv-filter-pagination-link js-wpv-pagination-link page-link\" title=\"3\" href=\"\/fr\/wp-json\/wp\/v2\/pages\/596?wpv_view_count=635&#038;wpv_paged=3\" data-viewnumber=\"635\" data-page=\"3\">3<\/a><\/li><\/ul>\n\t\t\t\t<\/div>\n\t\t\t<\/div>\n","protected":false},"author":2,"featured_media":0,"parent":0,"menu_order":0,"comment_status":"closed","ping_status":"closed","template":"","meta":{"_et_pb_use_builder":"on","_et_pb_old_content":"","_et_gb_content_width":"","inline_featured_image":false,"footnotes":""},"class_list":["post-596","page","type-page","status-publish","hentry"],"_links":{"self":[{"href":"https:\/\/ipasasr.org\/fr\/wp-json\/wp\/v2\/pages\/596","targetHints":{"allow":["GET"]}}],"collection":[{"href":"https:\/\/ipasasr.org\/fr\/wp-json\/wp\/v2\/pages"}],"about":[{"href":"https:\/\/ipasasr.org\/fr\/wp-json\/wp\/v2\/types\/page"}],"author":[{"embeddable":true,"href":"https:\/\/ipasasr.org\/fr\/wp-json\/wp\/v2\/users\/2"}],"replies":[{"embeddable":true,"href":"https:\/\/ipasasr.org\/fr\/wp-json\/wp\/v2\/comments?post=596"}],"version-history":[{"count":0,"href":"https:\/\/ipasasr.org\/fr\/wp-json\/wp\/v2\/pages\/596\/revisions"}],"wp:attachment":[{"href":"https:\/\/ipasasr.org\/fr\/wp-json\/wp\/v2\/media?parent=596"}],"curies":[{"name":"wp","href":"https:\/\/api.w.org\/{rel}","templated":true}]}}